{"id":270,"date":"2019-11-27T20:00:51","date_gmt":"2019-11-27T19:00:51","guid":{"rendered":"http:\/\/vicinity.pixel-kun.de\/contact\/location-and-directions\/"},"modified":"2019-11-27T20:05:26","modified_gmt":"2019-11-27T19:05:26","slug":"location-and-directions","status":"publish","type":"page","link":"https:\/\/www.hotel-vicinity.de\/en\/contact\/location-and-directions\/","title":{"rendered":"Location and directions"},"content":{"rendered":"<div class=\"wpb-content-wrapper\"><p>[vc_row full_width=&#8221;stretch_row_content&#8221; bg_type=&#8221;image&#8221; css=&#8221;.vc_custom_1574162478362{background-image: url(https:\/\/www.hotel-vicinity.de\/wp-content\/uploads\/2019\/11\/header_vin.jpg?id=20) !important;background-position: center !important;background-repeat: no-repeat !important;background-size: cover !important;}&#8221;][vc_column][vc_empty_space height=&#8221;420&#8243;][\/vc_column][\/vc_row][vc_row full_width=&#8221;stretch_row_content_no_spaces&#8221;][vc_column]<svg id=\"gambit-row-separator-1\" preserveAspectRatio=\"xMidYMax meet\" class=\"gambit_separator gambit_sep_top gambit-sep-type-arrow-side-up-decor2 gambit_sep_flip\" viewBox=\"0 0 1600 200\"  style=\"display: none; width: 100%; height: calc(100 \/ 1600 * 100vw)\" data-height=\"100\">\n<polygon class=\"gambit_sep_main\" style=\"\" points=\"-4,197.667 478.065,24 1604,198 1604,204 -4,204 \"\/>\n<polygon class=\"gambit_sep_decor2\" style=\"opacity: 01;fill: rgba(189,195,199,0.01);\" points=\"-4,197.667 478.065,24 1604,198 1604,186 478.065,12 -4,185.667 \"\/><\/svg>[\/vc_column][\/vc_row][vc_row bg_type=&#8221;bg_color&#8221; bg_color_value=&#8221;#ffffff&#8221;][vc_column width=&#8221;2\/3&#8243;][vc_column_text]<\/p>\n<h1>Location and directions<\/h1>\n<p>[\/vc_column_text][vc_gmaps link=&#8221;#E-8_JTNDaWZyYW1lJTIwc3JjJTNEJTIyaHR0cHMlM0ElMkYlMkZ3d3cuZ29vZ2xlLmNvbSUyRm1hcHMlMkZlbWJlZCUzRnBiJTNEJTIxMW0xOCUyMTFtMTIlMjExbTMlMjExZDI1ODUuNDI5Nzc2NTc2MTM4NSUyMTJkNy4xNjQ2NzU3MTU4ODkwNzklMjEzZDQ5LjYwODUwMTc3OTM2ODAwNSUyMTJtMyUyMTFmMCUyMTJmMCUyMTNmMCUyMTNtMiUyMTFpMTAyNCUyMTJpNzY4JTIxNGYxMy4xJTIxM20zJTIxMW0yJTIxMXMweDQ3OTU5MmM4YzZmYzViMjUlMjUzQTB4YzZjNzUwMTI2YTVlZGE2JTIxMnNIb3RlbCUyNTIwVmljaW5pdHklMjE1ZTAlMjEzbTIlMjExc2RlJTIxMnNkZSUyMTR2MTU3NDEwMTgwNjcyMSUyMTVtMiUyMTFzZGUlMjEyc2RlJTIyJTIwd2lkdGglM0QlMjI2MDAlMjIlMjBoZWlnaHQlM0QlMjI0NTAlMjIlMjBmcmFtZWJvcmRlciUzRCUyMjAlMjIlMjBzdHlsZSUzRCUyMmJvcmRlciUzQTAlM0IlMjIlMjBhbGxvd2Z1bGxzY3JlZW4lM0QlMjIlMjIlM0UlM0MlMkZpZnJhbWUlM0U=&#8221;][vc_column_text]<a href=\"https:\/\/www.hotel-vicinity.de\/wp-content\/uploads\/2019\/11\/hotel_vicinity_lageplan_2011.pdf\" target=\"\" rel=\"noopener noreferrer\">Site plan as PDF <\/a>[\/vc_column_text][\/vc_column][vc_column width=&#8221;1\/3&#8243;][vc_single_image image=&#8221;17&#8243; img_size=&#8221;medium&#8221; onclick=&#8221;custom_link&#8221; link=&#8221;https:\/\/www.hotel-vicinity.de\/&#8221;][vc_column_text]Building 9928<br \/>\nNeubr\u00fccker Stra\u00dfe<br \/>\nD-55768 Hoppst\u00e4dten-Weiersbach<\/p>\n<p>Fon +49 67 82 17 28 06<br \/>\nFax +49 67 82 17 28 88[\/vc_column_text][\/vc_column][\/vc_row]<\/p>\n<\/div>","protected":false},"excerpt":{"rendered":"<p>[vc_row full_width=&#8221;stretch_row_content&#8221; bg_type=&#8221;image&#8221; css=&#8221;.vc_custom_1574162478362{background-image: url(https:\/\/www.hotel-vicinity.de\/wp-content\/uploads\/2019\/11\/header_vin.jpg?id=20) !important;background-position: center !important;background-repeat: no-repeat !important;background-size: cover !important;}&#8221;][vc_column][vc_empty_space height=&#8221;420&#8243;][\/vc_column][\/vc_row][vc_row full_width=&#8221;stretch_row_content_no_spaces&#8221;][vc_column][\/vc_column][\/vc_row][vc_row bg_type=&#8221;bg_color&#8221; bg_color_value=&#8221;#ffffff&#8221;][vc_column width=&#8221;2\/3&#8243;][vc_column_text] Location and directions [\/vc_column_text][vc_gmaps link=&#8221;#E-8_JTNDaWZyYW1lJTIwc3JjJTNEJTIyaHR0cHMlM0ElMkYlMkZ3d3cuZ29vZ2xlLmNvbSUyRm1hcHMlMkZlbWJlZCUzRnBiJTNEJTIxMW0xOCUyMTFtMTIlMjExbTMlMjExZDI1ODUuNDI5Nzc2NTc2MTM4NSUyMTJkNy4xNjQ2NzU3MTU4ODkwNzklMjEzZDQ5LjYwODUwMTc3OTM2ODAwNSUyMTJtMyUyMTFmMCUyMTJmMCUyMTNmMCUyMTNtMiUyMTFpMTAyNCUyMTJpNzY4JTIxNGYxMy4xJTIxM20zJTIxMW0yJTIxMXMweDQ3OTU5MmM4YzZmYzViMjUlMjUzQTB4YzZjNzUwMTI2YTVlZGE2JTIxMnNIb3RlbCUyNTIwVmljaW5pdHklMjE1ZTAlMjEzbTIlMjExc2RlJTIxMnNkZSUyMTR2MTU3NDEwMTgwNjcyMSUyMTVtMiUyMTFzZGUlMjEyc2RlJTIyJTIwd2lkdGglM0QlMjI2MDAlMjIlMjBoZWlnaHQlM0QlMjI0NTAlMjIlMjBmcmFtZWJvcmRlciUzRCUyMjAlMjIlMjBzdHlsZSUzRCUyMmJvcmRlciUzQTAlM0IlMjIlMjBhbGxvd2Z1bGxzY3JlZW4lM0QlMjIlMjIlM0UlM0MlMkZpZnJhbWUlM0U=&#8221;][vc_column_text]Site plan as PDF [\/vc_column_text][\/vc_column][vc_column width=&#8221;1\/3&#8243;][vc_single_image image=&#8221;17&#8243; img_size=&#8221;medium&#8221; onclick=&#8221;custom_link&#8221; link=&#8221;https:\/\/www.hotel-vicinity.de\/&#8221;][vc_column_text]Building 9928 Neubr\u00fccker Stra\u00dfe D-55768 Hoppst\u00e4dten-Weiersbach Fon +49 67 82 17 28 06 Fax +49 67 82 17 28 88[\/vc_column_text][\/vc_column][\/vc_row]<\/p>\n","protected":false},"author":1,"featured_media":0,"parent":256,"menu_order":0,"comment_status":"closed","ping_status":"closed","template":"","meta":{"_uag_custom_page_level_css":"","site-sidebar-layout":"no-sidebar","site-content-layout":"plain-container","ast-site-content-layout":"default","site-content-style":"default","site-sidebar-style":"default","ast-global-header-display":"","ast-banner-title-visibility":"","ast-main-header-display":"","ast-hfb-above-header-display":"","ast-hfb-below-header-display":"","ast-hfb-mobile-header-display":"","site-post-title":"disabled","ast-breadcrumbs-content":"","ast-featured-img":"disabled","footer-sml-layout":"","ast-disable-related-posts":"","theme-transparent-header-meta":"enabled","adv-header-id-meta":"","stick-header-meta":"default","header-above-stick-meta":"","header-main-stick-meta":"","header-below-stick-meta":"","astra-migrate-meta-layouts":"default","ast-page-background-enabled":"default","ast-page-background-meta":{"desktop":{"background-color":"","background-image":"","background-repeat":"repeat","background-position":"center center","background-size":"auto","background-attachment":"scroll","background-type":"","background-media":"","overlay-type":"","overlay-color":"","overlay-opacity":"","overlay-gradient":""},"tablet":{"background-color":"","background-image":"","background-repeat":"repeat","background-position":"center center","background-size":"auto","background-attachment":"scroll","background-type":"","background-media":"","overlay-type":"","overlay-color":"","overlay-opacity":"","overlay-gradient":""},"mobile":{"background-color":"","background-image":"","background-repeat":"repeat","background-position":"center center","background-size":"auto","background-attachment":"scroll","background-type":"","background-media":"","overlay-type":"","overlay-color":"","overlay-opacity":"","overlay-gradient":""}},"ast-content-background-meta":{"desktop":{"background-color":"var(--ast-global-color-5)","background-image":"","background-repeat":"repeat","background-position":"center center","background-size":"auto","background-attachment":"scroll","background-type":"","background-media":"","overlay-type":"","overlay-color":"","overlay-opacity":"","overlay-gradient":""},"tablet":{"background-color":"var(--ast-global-color-5)","background-image":"","background-repeat":"repeat","background-position":"center center","background-size":"auto","background-attachment":"scroll","background-type":"","background-media":"","overlay-type":"","overlay-color":"","overlay-opacity":"","overlay-gradient":""},"mobile":{"background-color":"var(--ast-global-color-5)","background-image":"","background-repeat":"repeat","background-position":"center center","background-size":"auto","background-attachment":"scroll","background-type":"","background-media":"","overlay-type":"","overlay-color":"","overlay-opacity":"","overlay-gradient":""}},"footnotes":""},"class_list":["post-270","page","type-page","status-publish","hentry"],"uagb_featured_image_src":{"full":false,"thumbnail":false,"medium":false,"medium_large":false,"large":false,"1536x1536":false,"2048x2048":false,"gform-image-choice-sm":false,"gform-image-choice-md":false,"gform-image-choice-lg":false},"uagb_author_info":{"display_name":"wpvinadmin","author_link":"https:\/\/www.hotel-vicinity.de\/en\/author\/wpvinadmin\/"},"uagb_comment_info":0,"uagb_excerpt":"[vc_row full_width=&#8221;stretch_row_content&#8221; bg_type=&#8221;image&#8221; css=&#8221;.vc_custom_1574162478362{background-image: url(https:\/\/www.hotel-vicinity.de\/wp-content\/uploads\/2019\/11\/header_vin.jpg?id=20) !important;background-position: center !important;background-repeat: no-repeat !important;background-size: cover !important;}&#8221;][vc_column][vc_empty_space height=&#8221;420&#8243;][\/vc_column][\/vc_row][vc_row full_width=&#8221;stretch_row_content_no_spaces&#8221;][vc_column][\/vc_column][\/vc_row][vc_row bg_type=&#8221;bg_color&#8221; bg_color_value=&#8221;#ffffff&#8221;][vc_column width=&#8221;2\/3&#8243;][vc_column_text] Location and directions [\/vc_column_text][vc_gmaps link=&#8221;#E-8_JTNDaWZyYW1lJTIwc3JjJTNEJTIyaHR0cHMlM0ElMkYlMkZ3d3cuZ29vZ2xlLmNvbSUyRm1hcHMlMkZlbWJlZCUzRnBiJTNEJTIxMW0xOCUyMTFtMTIlMjExbTMlMjExZDI1ODUuNDI5Nzc2NTc2MTM4NSUyMTJkNy4xNjQ2NzU3MTU4ODkwNzklMjEzZDQ5LjYwODUwMTc3OTM2ODAwNSUyMTJtMyUyMTFmMCUyMTJmMCUyMTNmMCUyMTNtMiUyMTFpMTAyNCUyMTJpNzY4JTIxNGYxMy4xJTIxM20zJTIxMW0yJTIxMXMweDQ3OTU5MmM4YzZmYzViMjUlMjUzQTB4YzZjNzUwMTI2YTVlZGE2JTIxMnNIb3RlbCUyNTIwVmljaW5pdHklMjE1ZTAlMjEzbTIlMjExc2RlJTIxMnNkZSUyMTR2MTU3NDEwMTgwNjcyMSUyMTVtMiUyMTFzZGUlMjEyc2RlJTIyJTIwd2lkdGglM0QlMjI2MDAlMjIlMjBoZWlnaHQlM0QlMjI0NTAlMjIlMjBmcmFtZWJvcmRlciUzRCUyMjAlMjIlMjBzdHlsZSUzRCUyMmJvcmRlciUzQTAlM0IlMjIlMjBhbGxvd2Z1bGxzY3JlZW4lM0QlMjIlMjIlM0UlM0MlMkZpZnJhbWUlM0U=&#8221;][vc_column_text]Site plan as PDF [\/vc_column_text][\/vc_column][vc_column width=&#8221;1\/3&#8243;][vc_single_image image=&#8221;17&#8243; img_size=&#8221;medium&#8221; onclick=&#8221;custom_link&#8221; link=&#8221;https:\/\/www.hotel-vicinity.de\/&#8221;][vc_column_text]Building 9928 Neubr\u00fccker Stra\u00dfe D-55768 Hoppst\u00e4dten-Weiersbach Fon +49 67 82 17 28 06 Fax +49 67 82 17 28 88[\/vc_column_text][\/vc_column][\/vc_row]","_links":{"self":[{"href":"https:\/\/www.hotel-vicinity.de\/en\/wp-json\/wp\/v2\/pages\/270","targetHints":{"allow":["GET"]}}],"collection":[{"href":"https:\/\/www.hotel-vicinity.de\/en\/wp-json\/wp\/v2\/pages"}],"about":[{"href":"https:\/\/www.hotel-vicinity.de\/en\/wp-json\/wp\/v2\/types\/page"}],"author":[{"embeddable":true,"href":"https:\/\/www.hotel-vicinity.de\/en\/wp-json\/wp\/v2\/users\/1"}],"replies":[{"embeddable":true,"href":"https:\/\/www.hotel-vicinity.de\/en\/wp-json\/wp\/v2\/comments?post=270"}],"version-history":[{"count":0,"href":"https:\/\/www.hotel-vicinity.de\/en\/wp-json\/wp\/v2\/pages\/270\/revisions"}],"up":[{"embeddable":true,"href":"https:\/\/www.hotel-vicinity.de\/en\/wp-json\/wp\/v2\/pages\/256"}],"wp:attachment":[{"href":"https:\/\/www.hotel-vicinity.de\/en\/wp-json\/wp\/v2\/media?parent=270"}],"curies":[{"name":"wp","href":"https:\/\/api.w.org\/{rel}","templated":true}]}}