{"id":370,"date":"2020-01-21T06:44:35","date_gmt":"2020-01-21T05:44:35","guid":{"rendered":"https:\/\/www.hotel-vicinity.de\/guestbook\/"},"modified":"2020-08-13T15:23:35","modified_gmt":"2020-08-13T13:23:35","slug":"guestbook","status":"publish","type":"page","link":"https:\/\/www.hotel-vicinity.de\/en\/guestbook\/","title":{"rendered":"Guestbook"},"content":{"rendered":"<div class=\"wpb-content-wrapper\"><p>[vc_row full_width=&#8221;stretch_row_content&#8221; bg_type=&#8221;image&#8221; css=&#8221;.vc_custom_1597325013240{background-image: url(https:\/\/www.hotel-vicinity.de\/wp-content\/uploads\/2020\/08\/header_vin.jpg?id=412) !important;background-position: center !important;background-repeat: no-repeat !important;background-size: cover !important;}&#8221;][vc_column][vc_empty_space height=&#8221;420&#8243;][\/vc_column][\/vc_row][vc_row full_width=&#8221;stretch_row_content_no_spaces&#8221;][vc_column]<svg id=\"gambit-row-separator-1\" preserveAspectRatio=\"xMidYMax meet\" class=\"gambit_separator gambit_sep_top gambit-sep-type-arrow-side-up-decor2 gambit_sep_flip\" viewBox=\"0 0 1600 200\"  style=\"display: none; width: 100%; height: calc(100 \/ 1600 * 100vw)\" data-height=\"100\">\n<polygon class=\"gambit_sep_main\" style=\"\" points=\"-4,197.667 478.065,24 1604,198 1604,204 -4,204 \"\/>\n<polygon class=\"gambit_sep_decor2\" style=\"opacity: 01;fill: rgba(189,195,199,0.01);\" points=\"-4,197.667 478.065,24 1604,198 1604,186 478.065,12 -4,185.667 \"\/><\/svg>[\/vc_column][\/vc_row][vc_row bg_type=&#8221;bg_color&#8221; bg_color_value=&#8221;#ffffff&#8221;][vc_column width=&#8221;2\/3&#8243;][vc_column_text]<\/p>\n<h1>Guestbook<\/h1>\n<p>[\/vc_column_text][vc_row_inner][vc_column_inner][vc_column_text]<div class=\"gwolle-gb\"><div class=\"gwolle-gb-messages-top-container\"><\/div>\n\t\t\t<div class=\"gwolle-gb-write-button\">\n\t\t\t\t<input type=\"button\" name=\"gwolle-gb-write-button\" class=\"button btn btn-default \" value=\"Write a new entry.\" aria-expanded=\"false\" \/>\n\t\t\t<\/div>\n\t\t\t<form action=\"#\" method=\"POST\" class=\"gwolle-gb-write gwolle-gb-hide gwolle-gb-float gwolle-gb-form-ajax gwolle-gb-ajax gwolle-gb-not-logged-in\">\n\t\t\t\t<h3>Einen neuen Eintrag f\u00fcr das G\u00e4stebuch schreiben<\/h3>\n\t\t\t\t<button type=\"button\" class=\"gb-notice-dismiss\">x<span class=\"screen-reader-text\">Hide this form.<\/span><\/button>\n\t\t\t\n\t\t\t\t<input type=\"hidden\" name=\"gwolle_gb_function\" class=\"gwolle_gb_function\" value=\"add_entry\" \/><input type=\"hidden\" name=\"gwolle_gb_book_id\" class=\"gwolle_gb_book_id\" value=\"1\" \/><div class=\"gwolle_gb_268cc22f2433113ece19a1821ea347de\">\n\t\t\t\t<div class=\"label\"><label for=\"gwolle_gb_268cc22f2433113ece19a1821ea347de-1\" class=\"text-info\">Name <span class=\"required\">*<\/span><\/label><\/div>\n\t\t\t\t<div class=\"input\"><input class=\"wp-exclude-emoji gwolle_gb_268cc22f2433113ece19a1821ea347de\" value=\"\" type=\"text\" id=\"gwolle_gb_268cc22f2433113ece19a1821ea347de-1\" name=\"gwolle_gb_268cc22f2433113ece19a1821ea347de\" required \/><\/div>\n\t\t\t\t<div class=\"clearBoth\">&nbsp;<\/div>\n\t\t\t<\/div><div class=\"gwolle_gb_229a6130d6541b07183a5bf9a9af5616\">\n\t\t\t\t\t<div class=\"label\"><label for=\"gwolle_gb_229a6130d6541b07183a5bf9a9af5616-1\" class=\"text-info\">City<\/label><\/div>\n\t\t\t\t\t<div class=\"input\"><input class=\"wp-exclude-emoji gwolle_gb_229a6130d6541b07183a5bf9a9af5616\" value=\"\" type=\"text\" id=\"gwolle_gb_229a6130d6541b07183a5bf9a9af5616-1\" name=\"gwolle_gb_229a6130d6541b07183a5bf9a9af5616\" \/><\/div>\n\t\t\t\t\t<div class=\"clearBoth\">&nbsp;<\/div>\n\t\t\t\t<\/div><div class=\"gwolle_gb_29b86bd31c740ac6983fde5043277873\">\n\t\t\t\t<div class=\"label\"><label for=\"gwolle_gb_29b86bd31c740ac6983fde5043277873-1\" class=\"text-info\">Email<\/label><\/div>\n\t\t\t\t<div class=\"input\"><input class=\"gwolle_gb_29b86bd31c740ac6983fde5043277873\" value=\"\" type=\"email\" id=\"gwolle_gb_29b86bd31c740ac6983fde5043277873-1\" name=\"gwolle_gb_29b86bd31c740ac6983fde5043277873\" \/><\/div>\n\t\t\t\t<div class=\"clearBoth\">&nbsp;<\/div>\n\t\t\t<\/div>\n\t\t\t<div class=\"gwolle_gb_e2d374242167b6924e5340859c9eacaf\" style=\"display:none;overflow:hidden;\" hidden=\"true\" aria-hidden=\"true\">\n\t\t\t\t<div class=\"label\">\n\t\t\t\t\t<label for=\"gwolle_gb_e2d374242167b6924e5340859c9eacaf-1\" class=\"text-primary\">Do not touch this<\/label>\n\t\t\t\t\t<label for=\"gwolle_gb_9914d1552f859771e173965ff4dc13c1-1\" class=\"text-primary\">Do not touch this<\/label>\n\t\t\t\t<\/div>\n\t\t\t\t<div class=\"input\">\n\t\t\t\t\t<input value=\"63\" type=\"text\" id=\"gwolle_gb_e2d374242167b6924e5340859c9eacaf-1\" name=\"gwolle_gb_e2d374242167b6924e5340859c9eacaf\" class=\"gwolle_gb_e2d374242167b6924e5340859c9eacaf\" style=\"transform: translateY(10000px);\" \/>\n\t\t\t\t\t<input value=\"\" type=\"text\" name=\"gwolle_gb_9914d1552f859771e173965ff4dc13c1\" id=\"gwolle_gb_9914d1552f859771e173965ff4dc13c1-1\" class=\"gwolle_gb_9914d1552f859771e173965ff4dc13c1\" style=\"transform: translateY(10000px);\" \/>\n\t\t\t\t<\/div>\n\t\t\t\t<div class=\"clearBoth\"><\/div>\n\t\t\t<\/div>\n\t\t\t<div class=\"gwolle_gb_b459777cd918d8bd71564459f0f12b59\" style=\"display:none;overflow:hidden;\" hidden=\"true\" aria-hidden=\"true\">\n\t\t\t\t<div class=\"label\">\n\t\t\t\t\t<label for=\"gwolle_gb_b459777cd918d8bd71564459f0f12b59-1\" class=\"text-primary\">Do not touch this<\/label>\n\t\t\t\t\t<label for=\"gwolle_gb_e529d5ce1fabd45e25363ea841c607ef-1\" class=\"text-primary\">Do not touch this<\/label>\n\t\t\t\t<\/div>\n\t\t\t\t<div class=\"input\">\n\t\t\t\t\t<input value=\"9562\" type=\"text\" id=\"gwolle_gb_b459777cd918d8bd71564459f0f12b59-1\" name=\"gwolle_gb_b459777cd918d8bd71564459f0f12b59\" class=\"gwolle_gb_b459777cd918d8bd71564459f0f12b59\" style=\"transform: translateY(10000px);\" \/>\n\t\t\t\t\t<input value=\"9562\" type=\"text\"id=\"gwolle_gb_e529d5ce1fabd45e25363ea841c607ef-1\" name=\"gwolle_gb_e529d5ce1fabd45e25363ea841c607ef\" class=\"gwolle_gb_e529d5ce1fabd45e25363ea841c607ef\" style=\"transform: translateY(10000px);\" \/>\n\t\t\t\t<\/div>\n\t\t\t\t<div class=\"clearBoth\"><\/div>\n\t\t\t<\/div><div class=\"gwolle_gb_content\">\n\t\t\t\t<div class=\"label\"><label for=\"gwolle_gb_content-1\" class=\"text-info\">Guestbook entry <span class=\"required\">*<\/span><\/label><\/div>\n\t\t\t\t<div class=\"input\"><textarea id=\"gwolle_gb_content-1\" name=\"gwolle_gb_content\" class=\"gwolle_gb_content wp-exclude-emoji\" required ><\/textarea><\/div>\n\t\t\t\t\t<div class=\"clearBoth\">&nbsp;<\/div>\n\t\t\t\t<\/div>\n\t\t\t\t<div class=\"gwolle_gb_privacy gwolle-gb-privacy\">\n\t\t\t\t\t<div class=\"label\"><label for=\"gwolle_gb_privacy-1\" class=\"text-info\">I accept the <a href=\"https:\/\/www.hotel-vicinity.de\/datenschutzerklaerung\/\" title=\"Read the Privacy Policy\" target=\"_blank\">Privacy Policy<\/a> <span class=\"required\">*<\/span><\/label><\/div>\n\t\t\t\t\t<div class=\"input\"><input type=\"checkbox\" id=\"gwolle_gb_privacy-1\" name=\"gwolle_gb_privacy\" class=\"gwolle_gb_privacy\" required \/><\/div>\n\t\t\t\t\t<div class=\"clearBoth\">&nbsp;<\/div>\n\t\t\t\t<\/div><input type=\"hidden\" class=\"gwolle_gb_e4dae0a471c77424dee142518cec0abf\" id=\"gwolle_gb_e4dae0a471c77424dee142518cec0abf-1\" name=\"gwolle_gb_e4dae0a471c77424dee142518cec0abf\" value=\"404c2cdabe\" \/>\n\t\t\t<div class=\"gwolle-gb-messages-bottom-container\"><\/div>\n\n\t\t\t<noscript><div class=\"no-js\">Warning: This form can only be used if JavaScript is enabled in your browser.<\/div><\/noscript>\n\n\t\t\t<div class=\"gwolle_gb_submit gwolle-gb-submit\">\n\t\t\t\t<div class=\"label gwolle-gb-invisible text-muted\">&nbsp;<\/div>\n\t\t\t\t<div class=\"input\">\n\t\t\t\t\t<input type=\"submit\" name=\"gwolle_gb_submit\" class=\"gwolle_gb_submit button btn btn-primary \" value=\"Submit\" \/>\n\t\t\t\t\t<span class=\"gwolle_gb_submit_ajax_icon gwolle-gb-submit-ajax-icon\"><\/span>\n\t\t\t\n\t\t\t\t<\/div>\n\t\t\t\t<div class=\"clearBoth\">&nbsp;<\/div>\n\t\t\t<\/div>\n\n\t\t\t<div class=\"gwolle_gb_notice gwolle-gb-notice\">\n\t\t\t\tMit * gekennzeichnete Felder sind erforderlich.<br \/>\r\nIhre E-Mail-Adresse wird nicht ver\u00f6ffentlicht.<br \/>\r\nEs ist m\u00f6glich, dass Ihr Eintrag im G\u00e4stebuch erst sichtbar ist, nachdem wir ihn \u00fcberpr\u00fcft haben.<br \/>\r\nWir behalten uns vor, Eintr\u00e4ge zu bearbeiten, zu l\u00f6schen oder nicht zu ver\u00f6ffentlichen.\n\t\t\t<\/div><\/form><div class=\"gwolle-gb-read gwolle-gb-ajax gwolle-gb-entries-list\" data-book_id=\"1\" data-page_id=\"1\">\n\t\t<div id=\"gwolle-gb-total\" class=\"gwolle-gb-total\">3 entries.<\/div><!-- Gwolle-GB Entry: Default Template Loaded -->\n\t\t\t\t<div class=\"gb-entry gb-entry_1248 gb-entry-count_1 gwolle-gb-uneven gwolle-gb-first\" id=\"gb-entry_1248\" data-entry_id=\"1248\">\n\t\t\t\t<article>\n\t\t\t\t\t<div class=\"gb-author-info\">\n\t\t\t\t\t\t<span class=\"gb-author-name\">KW\n\t\t\t\t\t\t<\/span>\n\t\t\t\t\t\t<span class=\"gb-datetime\">\n\t\t\t\t\t\t\t<span class=\"gb-date\"><span class=\"gb-date-wrote-text\"> wrote on<\/span><span class=\"gb-date-text\"> 22. December 2022<\/span>\n\t\t\t\t\t\t\t<\/span><span class=\"gb-time\">\n\t\t\t\t\t\t\t\t\t<span class=\"gb-time-at-text\"> at<\/span>\n\t\t\t\t\t\t\t\t\t<span class=\"gb-time-text\"> 21:55<\/span>\n\t\t\t\t\t\t\t\t<\/span>\n\t\t\t\t\t\t<\/span> \n\t\t\t\t\t<\/div>\n\t\t\t\t\t<div class=\"gb-entry-content\">Das war mit Abstand der sch\u00f6nste Kurzurlaub seit langem!\nDanke daf\u00fcr!\n\nMfG\nhttps:\/\/www.scharfesache.com\n\t\t\t\t\t<\/div>\n\t\t\t\t<\/article>\n\t\t\t<\/div>\n\t\t\t<div class=\"gb-entry gb-entry_1197 gb-entry-count_2 gwolle-gb-even\" id=\"gb-entry_1197\" data-entry_id=\"1197\">\n\t\t\t\t<article>\n\t\t\t\t\t<div class=\"gb-author-info\">\n\t\t\t\t\t\t<span class=\"gb-author-name\">Marbex\u00ae GmbH PVC Streifenvorhang Hersteller\n\t\t\t\t\t\t<\/span>\n\t\t\t\t\t\t<span class=\"gb-author-origin\">\n\t\t\t\t\t\t\t<span class=\"gb-author-origin-from-text\"> from<\/span>\n\t\t\t\t\t\t\t<span class=\"gb-author-origin-text\"> Wesel - NRW<\/span>\n\t\t\t\t\t\t<\/span>\n\t\t\t\t\t\t<span class=\"gb-datetime\">\n\t\t\t\t\t\t\t<span class=\"gb-date\"><span class=\"gb-date-wrote-text\"> wrote on<\/span><span class=\"gb-date-text\"> 18. January 2021<\/span>\n\t\t\t\t\t\t\t<\/span><span class=\"gb-time\">\n\t\t\t\t\t\t\t\t\t<span class=\"gb-time-at-text\"> at<\/span>\n\t\t\t\t\t\t\t\t\t<span class=\"gb-time-text\"> 16:38<\/span>\n\t\t\t\t\t\t\t\t<\/span>\n\t\t\t\t\t\t<\/span> \n\t\t\t\t\t<\/div>\n\t\t\t\t\t<div class=\"gb-entry-content\">Hallo liebes Team, \n\nunsere Handwerker waren sehr zufrieden. Ich hoffe wir k\u00f6nnen bald schon wiederkommen.\n\nLG - Marbex GmbH \nhttps:\/\/www.streifenvorhang-pvc.de\n\t\t\t\t\t<\/div>\n\t\t\t\t<\/article>\n\t\t\t<\/div>\n\t\t\t<div class=\"gb-entry gb-entry_1196 gb-entry-count_3 gwolle-gb-uneven\" id=\"gb-entry_1196\" data-entry_id=\"1196\">\n\t\t\t\t<article>\n\t\t\t\t\t<div class=\"gb-author-info\">\n\t\t\t\t\t\t<span class=\"gb-author-name\">Astrid\n\t\t\t\t\t\t<\/span>\n\t\t\t\t\t\t<span class=\"gb-author-origin\">\n\t\t\t\t\t\t\t<span class=\"gb-author-origin-from-text\"> from<\/span>\n\t\t\t\t\t\t\t<span class=\"gb-author-origin-text\"> schenkenfelden<\/span>\n\t\t\t\t\t\t<\/span>\n\t\t\t\t\t\t<span class=\"gb-datetime\">\n\t\t\t\t\t\t\t<span class=\"gb-date\"><span class=\"gb-date-wrote-text\"> wrote on<\/span><span class=\"gb-date-text\"> 18. September 2020<\/span>\n\t\t\t\t\t\t\t<\/span><span class=\"gb-time\">\n\t\t\t\t\t\t\t\t\t<span class=\"gb-time-at-text\"> at<\/span>\n\t\t\t\t\t\t\t\t\t<span class=\"gb-time-text\"> 19:00<\/span>\n\t\t\t\t\t\t\t\t<\/span>\n\t\t\t\t\t\t<\/span> \n\t\t\t\t\t<\/div>\n\t\t\t\t\t<div class=\"gb-entry-content\">Es war ein sehr erholsamer Urlaub mit sauberen Zimmer und einem leckeren Fr\u00fchst\u00fcck. Wir verbrachten einen wunderbaren Urlaub in eurer Region. Super Wanderwege gab es zu entdecken und die Unterkunft war hervorragend. Das www.trueffelhang.at - Team kann diese Unterkunft nur weiterempfehlen.\n\t\t\t\t\t<\/div>\n\t\t\t\t<\/article>\n\t\t\t<\/div>\n\t\t\t<\/div><\/div>[\/vc_column_text][\/vc_column_inner][\/vc_row_inner][\/vc_column][vc_column width=&#8221;1\/3&#8243;][vc_single_image image=&#8221;17&#8243; img_size=&#8221;medium&#8221; onclick=&#8221;custom_link&#8221; link=&#8221;https:\/\/www.hotel-vicinity.de\/&#8221;][vc_column_text]Geb\u00e4ude 9928<br \/>\nNeubr\u00fccker Stra\u00dfe<br \/>\nD-55768 Hoppst\u00e4dten-Weiersbach<\/p>\n<p>Fon +49\u00a067 82\u00a017 28 06<br \/>\nFax +49\u00a067 82\u00a017 28 88[\/vc_column_text][\/vc_column][\/vc_row]<\/p>\n<\/div>","protected":false},"excerpt":{"rendered":"<p>[vc_row full_width=&#8221;stretch_row_content&#8221; bg_type=&#8221;image&#8221; css=&#8221;.vc_custom_1597325013240{background-image: url(https:\/\/www.hotel-vicinity.de\/wp-content\/uploads\/2020\/08\/header_vin.jpg?id=412) !important;background-position: center !important;background-repeat: no-repeat !important;background-size: cover !important;}&#8221;][vc_column][vc_empty_space height=&#8221;420&#8243;][\/vc_column][\/vc_row][vc_row full_width=&#8221;stretch_row_content_no_spaces&#8221;][vc_column][\/vc_column][\/vc_row][vc_row bg_type=&#8221;bg_color&#8221; bg_color_value=&#8221;#ffffff&#8221;][vc_column width=&#8221;2\/3&#8243;][vc_column_text] Guestbook [\/vc_column_text][vc_row_inner][vc_column_inner][vc_column_text][\/vc_column_text][\/vc_column_inner][\/vc_row_inner][\/vc_column][vc_column width=&#8221;1\/3&#8243;][vc_single_image image=&#8221;17&#8243; img_size=&#8221;medium&#8221; onclick=&#8221;custom_link&#8221; link=&#8221;https:\/\/www.hotel-vicinity.de\/&#8221;][vc_column_text]Geb\u00e4ude 9928 Neubr\u00fccker Stra\u00dfe D-55768 Hoppst\u00e4dten-Weiersbach Fon +49\u00a067 82\u00a017 28 06 Fax +49\u00a067 82\u00a017 28 88[\/vc_column_text][\/vc_column][\/vc_row]<\/p>\n","protected":false},"author":1,"featured_media":0,"parent":0,"menu_order":0,"comment_status":"closed","ping_status":"closed","template":"","meta":{"_uag_custom_page_level_css":"","site-sidebar-layout":"no-sidebar","site-content-layout":"plain-container","ast-site-content-layout":"default","site-content-style":"default","site-sidebar-style":"default","ast-global-header-display":"","ast-banner-title-visibility":"","ast-main-header-display":"","ast-hfb-above-header-display":"","ast-hfb-below-header-display":"","ast-hfb-mobile-header-display":"","site-post-title":"disabled","ast-breadcrumbs-content":"","ast-featured-img":"disabled","footer-sml-layout":"","ast-disable-related-posts":"","theme-transparent-header-meta":"default","adv-header-id-meta":"","stick-header-meta":"default","header-above-stick-meta":"","header-main-stick-meta":"","header-below-stick-meta":"","astra-migrate-meta-layouts":"default","ast-page-background-enabled":"default","ast-page-background-meta":{"desktop":{"background-color":"","background-image":"","background-repeat":"repeat","background-position":"center center","background-size":"auto","background-attachment":"scroll","background-type":"","background-media":"","overlay-type":"","overlay-color":"","overlay-opacity":"","overlay-gradient":""},"tablet":{"background-color":"","background-image":"","background-repeat":"repeat","background-position":"center center","background-size":"auto","background-attachment":"scroll","background-type":"","background-media":"","overlay-type":"","overlay-color":"","overlay-opacity":"","overlay-gradient":""},"mobile":{"background-color":"","background-image":"","background-repeat":"repeat","background-position":"center center","background-size":"auto","background-attachment":"scroll","background-type":"","background-media":"","overlay-type":"","overlay-color":"","overlay-opacity":"","overlay-gradient":""}},"ast-content-background-meta":{"desktop":{"background-color":"var(--ast-global-color-5)","background-image":"","background-repeat":"repeat","background-position":"center center","background-size":"auto","background-attachment":"scroll","background-type":"","background-media":"","overlay-type":"","overlay-color":"","overlay-opacity":"","overlay-gradient":""},"tablet":{"background-color":"var(--ast-global-color-5)","background-image":"","background-repeat":"repeat","background-position":"center center","background-size":"auto","background-attachment":"scroll","background-type":"","background-media":"","overlay-type":"","overlay-color":"","overlay-opacity":"","overlay-gradient":""},"mobile":{"background-color":"var(--ast-global-color-5)","background-image":"","background-repeat":"repeat","background-position":"center center","background-size":"auto","background-attachment":"scroll","background-type":"","background-media":"","overlay-type":"","overlay-color":"","overlay-opacity":"","overlay-gradient":""}},"footnotes":""},"class_list":["post-370","page","type-page","status-publish","hentry"],"uagb_featured_image_src":{"full":false,"thumbnail":false,"medium":false,"medium_large":false,"large":false,"1536x1536":false,"2048x2048":false,"gform-image-choice-sm":false,"gform-image-choice-md":false,"gform-image-choice-lg":false},"uagb_author_info":{"display_name":"wpvinadmin","author_link":"https:\/\/www.hotel-vicinity.de\/en\/author\/wpvinadmin\/"},"uagb_comment_info":0,"uagb_excerpt":"[vc_row full_width=&#8221;stretch_row_content&#8221; bg_type=&#8221;image&#8221; css=&#8221;.vc_custom_1597325013240{background-image: url(https:\/\/www.hotel-vicinity.de\/wp-content\/uploads\/2020\/08\/header_vin.jpg?id=412) !important;background-position: center !important;background-repeat: no-repeat !important;background-size: cover !important;}&#8221;][vc_column][vc_empty_space height=&#8221;420&#8243;][\/vc_column][\/vc_row][vc_row full_width=&#8221;stretch_row_content_no_spaces&#8221;][vc_column][\/vc_column][\/vc_row][vc_row bg_type=&#8221;bg_color&#8221; bg_color_value=&#8221;#ffffff&#8221;][vc_column width=&#8221;2\/3&#8243;][vc_column_text] Guestbook [\/vc_column_text][vc_row_inner][vc_column_inner][vc_column_text][\/vc_column_text][\/vc_column_inner][\/vc_row_inner][\/vc_column][vc_column width=&#8221;1\/3&#8243;][vc_single_image image=&#8221;17&#8243; img_size=&#8221;medium&#8221; onclick=&#8221;custom_link&#8221; link=&#8221;https:\/\/www.hotel-vicinity.de\/&#8221;][vc_column_text]Geb\u00e4ude 9928 Neubr\u00fccker Stra\u00dfe D-55768 Hoppst\u00e4dten-Weiersbach Fon +49\u00a067 82\u00a017 28 06 Fax +49\u00a067 82\u00a017 28 88[\/vc_column_text][\/vc_column][\/vc_row]","_links":{"self":[{"href":"https:\/\/www.hotel-vicinity.de\/en\/wp-json\/wp\/v2\/pages\/370","targetHints":{"allow":["GET"]}}],"collection":[{"href":"https:\/\/www.hotel-vicinity.de\/en\/wp-json\/wp\/v2\/pages"}],"about":[{"href":"https:\/\/www.hotel-vicinity.de\/en\/wp-json\/wp\/v2\/types\/page"}],"author":[{"embeddable":true,"href":"https:\/\/www.hotel-vicinity.de\/en\/wp-json\/wp\/v2\/users\/1"}],"replies":[{"embeddable":true,"href":"https:\/\/www.hotel-vicinity.de\/en\/wp-json\/wp\/v2\/comments?post=370"}],"version-history":[{"count":0,"href":"https:\/\/www.hotel-vicinity.de\/en\/wp-json\/wp\/v2\/pages\/370\/revisions"}],"wp:attachment":[{"href":"https:\/\/www.hotel-vicinity.de\/en\/wp-json\/wp\/v2\/media?parent=370"}],"curies":[{"name":"wp","href":"https:\/\/api.w.org\/{rel}","templated":true}]}}